{"id":3163,"date":"2025-09-25T14:05:35","date_gmt":"2025-09-25T05:05:35","guid":{"rendered":"https:\/\/www.higashi-totsuka.com\/nurse\/?page_id=3163"},"modified":"2026-02-04T12:03:34","modified_gmt":"2026-02-04T03:03:34","slug":"web-tour","status":"publish","type":"page","link":"https:\/\/www.higashi-totsuka.com\/nurse\/web-tour\/","title":{"rendered":"WEB\u8aac\u660e\u4f1a\u306e\u304a\u7533\u8fbc\u307f\uff08\u65b0\u5352\u5bfe\u8c61\uff09"},"content":{"rendered":"\n<div style=\"height:60px\" aria-hidden=\"true\" class=\"wp-block-spacer\"><\/div>\n\n\n\n<p class=\"has-text-align-center\">\u9060\u65b9\u306b\u304a\u4f4f\u307e\u3044\u306e\u65b9\u3084\u3001\u307e\u3068\u307e\u3063\u305f\u6642\u9593\u304c\u53d6\u308c\u306a\u3044\u65b9\u5411\u3051\u306bWEB\u8aac\u660e\u4f1a\u3092\u958b\u50ac\u3057\u3066\u3044\u307e\u3059\u3002\u958b\u50ac\u65e53\u65e5\u524d\u307e\u3067\u306b\u304a\u7533\u8fbc\u307f\u304c\u5fc5\u8981\u3067\u3059\u3002<\/p>\n\n\n\n<div class=\"wpcf7 no-js\" id=\"wpcf7-f3172-o1\" lang=\"ja\" dir=\"ltr\" data-wpcf7-id=\"3172\">\n<div class=\"screen-reader-response\"><p role=\"status\" aria-live=\"polite\" aria-atomic=\"true\"><\/p> <ul><\/ul><\/div>\n<form action=\"\/nurse\/wp-json\/wp\/v2\/pages\/3163#wpcf7-f3172-o1\" method=\"post\" class=\"wpcf7-form init\" aria-label=\"\u30b3\u30f3\u30bf\u30af\u30c8\u30d5\u30a9\u30fc\u30e0\" novalidate=\"novalidate\" data-status=\"init\">\n<fieldset class=\"hidden-fields-container\"><input type=\"hidden\" name=\"_wpcf7\" value=\"3172\" \/><input type=\"hidden\" name=\"_wpcf7_version\" value=\"6.1.5\" \/><input type=\"hidden\" name=\"_wpcf7_locale\" value=\"ja\" \/><input type=\"hidden\" name=\"_wpcf7_unit_tag\" value=\"wpcf7-f3172-o1\" \/><input type=\"hidden\" name=\"_wpcf7_container_post\" value=\"0\" \/><input type=\"hidden\" name=\"_wpcf7_posted_data_hash\" value=\"\" \/><input type=\"hidden\" name=\"_wpcf7_recaptcha_response\" value=\"\" \/>\n<\/fieldset>\n<table class=\"CF7_table\">\n\t<tr>\n\t\t<th>\n\t\t\t<p><span class=\"CF7_req\">\u5fc5\u9808<\/span> \u304a\u540d\u524d\n\t\t\t<\/p>\n\t\t<\/th>\n\t\t<td>\n\t\t\t<p><span class=\"wpcf7-form-control-wrap\" data-name=\"your-name\"><input size=\"40\" maxlength=\"400\" class=\"wpcf7-form-control wpcf7-text wpcf7-validates-as-required\" aria-required=\"true\" aria-invalid=\"false\" placeholder=\"\u4f8b\uff1a\u6771\u6238\u585a \u82b1\u5b50\" value=\"\" type=\"text\" name=\"your-name\" \/><\/span>\n\t\t\t<\/p>\n\t\t<\/td>\n\t<\/tr>\n\t<tr>\n\t\t<th>\n\t\t\t<p><span class=\"CF7_req\">\u5fc5\u9808<\/span> \u30d5\u30ea\u30ac\u30ca\n\t\t\t<\/p>\n\t\t<\/th>\n\t\t<td>\n\t\t\t<p><span class=\"wpcf7-form-control-wrap\" data-name=\"your-kana\"><input size=\"40\" maxlength=\"400\" class=\"wpcf7-form-control wpcf7-text wpcf7-validates-as-required\" aria-required=\"true\" aria-invalid=\"false\" placeholder=\"\u4f8b\uff1a\u30d2\u30ac\u30b7\u30c8\u30c4\u30ab \u30cf\u30ca\u30b3\" value=\"\" type=\"text\" name=\"your-kana\" \/><\/span>\n\t\t\t<\/p>\n\t\t<\/td>\n\t<\/tr>\n\t<tr>\n\t\t<th>\n\t\t\t<p><span class=\"CF7_req\">\u5fc5\u9808<\/span> \u30e1\u30fc\u30eb\u30a2\u30c9\u30ec\u30b9\n\t\t\t<\/p>\n\t\t<\/th>\n\t\t<td>\n\t\t\t<p><span class=\"wpcf7-form-control-wrap\" data-name=\"your-email\"><input size=\"40\" maxlength=\"400\" class=\"wpcf7-form-control wpcf7-email wpcf7-validates-as-required wpcf7-text wpcf7-validates-as-email\" aria-required=\"true\" aria-invalid=\"false\" placeholder=\"\u4f8b\uff1a\u00d7\u00d7\u00d7@\u00d7\u00d7\u00d7.com\" value=\"\" type=\"email\" name=\"your-email\" \/><\/span>\n\t\t\t<\/p>\n\t\t<\/td>\n\t<\/tr>\n\t<tr>\n\t\t<th>\n\t\t\t<p><span class=\"CF7_req\">\u5fc5\u9808<\/span> \u6027\u5225\n\t\t\t<\/p>\n\t\t<\/th>\n\t\t<td>\n\t\t\t<p><span class=\"wpcf7-form-control-wrap\" data-name=\"your-gender\"><span class=\"wpcf7-form-control wpcf7-radio\"><span class=\"wpcf7-list-item first\"><input type=\"radio\" name=\"your-gender\" value=\"\u5973\u6027\" \/><span class=\"wpcf7-list-item-label\">\u5973\u6027<\/span><\/span><span class=\"wpcf7-list-item last\"><input type=\"radio\" name=\"your-gender\" value=\"\u7537\u6027\" \/><span class=\"wpcf7-list-item-label\">\u7537\u6027<\/span><\/span><\/span><\/span>\n\t\t\t<\/p>\n\t\t<\/td>\n\t<\/tr>\n\t<tr>\n\t\t<th>\n\t\t\t<p><span class=\"CF7_req\">\u5fc5\u9808<\/span>\u751f\u5e74\u6708\u65e5\n\t\t\t<\/p>\n\t\t<\/th>\n\t\t<td>\n\t\t\t<p><span class=\"wpcf7-form-control-wrap\" data-name=\"your-birth\"><input size=\"40\" maxlength=\"400\" class=\"wpcf7-form-control wpcf7-text wpcf7-validates-as-required\" aria-required=\"true\" aria-invalid=\"false\" placeholder=\"\u4f8b\uff1a2005\u5e748\u67081\u65e5\uff08\u91d1\uff09\" value=\"\" type=\"text\" name=\"your-birth\" \/><\/span>\n\t\t\t<\/p>\n\t\t<\/td>\n\t<\/tr>\n\t<tr>\n\t\t<th>\n\t\t\t<p><span class=\"CF7_req\">\u5fc5\u9808<\/span>\u5b66\u6821\u540d\n\t\t\t<\/p>\n\t\t<\/th>\n\t\t<td>\n\t\t\t<p><span class=\"wpcf7-form-control-wrap\" data-name=\"your-school\"><input size=\"40\" maxlength=\"400\" class=\"wpcf7-form-control wpcf7-text wpcf7-validates-as-required\" aria-required=\"true\" aria-invalid=\"false\" placeholder=\"\u4f8b\uff1a\u30a4\u30e0\u30b9\u6a2a\u6d5c\u56fd\u969b\u770b\u8b77\u5c02\u9580\u5b66\u6821\" value=\"\" type=\"text\" name=\"your-school\" \/><\/span>\n\t\t\t<\/p>\n\t\t<\/td>\n\t<\/tr>\n\t<tr>\n\t\t<th>\n\t\t\t<p><span class=\"CF7_req\">\u5fc5\u9808<\/span> \u5b66\u5e74\n\t\t\t<\/p>\n\t\t<\/th>\n\t\t<td>\n\t\t\t<p><span class=\"wpcf7-form-control-wrap\" data-name=\"school-year\"><span class=\"wpcf7-form-control wpcf7-radio\"><span class=\"wpcf7-list-item first\"><input type=\"radio\" name=\"school-year\" value=\"1\u5e74\" \/><span class=\"wpcf7-list-item-label\">1\u5e74<\/span><\/span><span class=\"wpcf7-list-item\"><input type=\"radio\" name=\"school-year\" value=\"2\u5e74\" \/><span class=\"wpcf7-list-item-label\">2\u5e74<\/span><\/span><span class=\"wpcf7-list-item\"><input type=\"radio\" name=\"school-year\" value=\"3\u5e74\" \/><span class=\"wpcf7-list-item-label\">3\u5e74<\/span><\/span><span class=\"wpcf7-list-item\"><input type=\"radio\" name=\"school-year\" value=\"4\u5e74\" \/><span class=\"wpcf7-list-item-label\">4\u5e74<\/span><\/span><span class=\"wpcf7-list-item\"><input type=\"radio\" name=\"school-year\" value=\"5\u5e74\" \/><span class=\"wpcf7-list-item-label\">5\u5e74<\/span><\/span><span class=\"wpcf7-list-item\"><input type=\"radio\" name=\"school-year\" value=\"\u5927\u5b66\u96621\u5e74\" \/><span class=\"wpcf7-list-item-label\">\u5927\u5b66\u96621\u5e74<\/span><\/span><span class=\"wpcf7-list-item last\"><input type=\"radio\" name=\"school-year\" value=\"\u5927\u5b66\u96622\u5e74\" \/><span class=\"wpcf7-list-item-label\">\u5927\u5b66\u96622\u5e74<\/span><\/span><\/span><\/span>\n\t\t\t<\/p>\n\t\t<\/td>\n\t<\/tr>\n\t<tr>\n\t\t<th>\n\t\t\t<p><span class=\"CF7_req\">\u5fc5\u9808<\/span> \u53c2\u52a0\u5e0c\u671b\u65e5<span class=\"note\"><br \/>\n<a href=\"https:\/\/www.higashi-totsuka.com\/nurse\/event_calendar#websession\" target=\"_blank\">\u203b\u65e5\u7a0b\u306b\u3064\u3044\u3066\u306f\u3053\u3061\u3089\u306e\u30da\u30fc\u30b8\u3092\u3054\u89a7\u304f\u3060\u3055\u3044<\/a><\/span>\n\t\t\t<\/p>\n\t\t<\/th>\n\t\t<td>\n\t\t\t<p><span class=\"wpcf7-form-control-wrap\" data-name=\"your-date\"><input size=\"40\" maxlength=\"400\" class=\"wpcf7-form-control wpcf7-text wpcf7-validates-as-required\" aria-required=\"true\" aria-invalid=\"false\" placeholder=\"\u4f8b\uff1a8\u67081\u65e5(\u91d1)\" value=\"\" type=\"text\" name=\"your-date\" \/><\/span>\n\t\t\t<\/p>\n\t\t<\/td>\n\t<\/tr>\n\t<tr>\n\t\t<th>\n\t\t\t<p><span class=\"CF7_req\">\u5fc5\u9808<\/span>\u304a\u96fb\u8a71\u756a\u53f7\n\t\t\t<\/p>\n\t\t<\/th>\n\t\t<td>\n\t\t\t<p><span class=\"wpcf7-form-control-wrap\" data-name=\"your-tel\"><input size=\"40\" maxlength=\"400\" class=\"wpcf7-form-control wpcf7-text wpcf7-validates-as-required\" aria-required=\"true\" aria-invalid=\"false\" placeholder=\"\u4f8b\uff1a03-1234-5678\" value=\"\" type=\"text\" name=\"your-tel\" \/><\/span>\n\t\t\t<\/p>\n\t\t<\/td>\n\t<\/tr>\n\t<tr>\n\t\t<th>\n\t\t\t<p><span class=\"CF7_unreq\">\u4efb\u610f<\/span>\u3054\u8cea\u554f\u30fb\u3054\u76f8\u8ac7\u306a\u3069\n\t\t\t<\/p>\n\t\t<\/th>\n\t\t<td class=\"message-100\">\n\t\t\t<p><span class=\"wpcf7-form-control-wrap\" data-name=\"your-message\"><textarea cols=\"40\" rows=\"10\" maxlength=\"2000\" class=\"wpcf7-form-control wpcf7-textarea\" aria-invalid=\"false\" name=\"your-message\"><\/textarea><\/span>\n\t\t\t<\/p>\n\t\t<\/td>\n\t<\/tr>\n<\/table>\n<p class=\"CF7_btn\"><input class=\"wpcf7-form-control wpcf7-submit has-spinner\" type=\"submit\" value=\"\u9001\u4fe1\u3059\u308b\" \/>\n<\/p><div class=\"wpcf7-response-output\" aria-hidden=\"true\"><\/div>\n<\/form>\n<\/div>\n\n","protected":false},"excerpt":{"rendered":"<p>\u9060\u65b9\u306b\u304a\u4f4f\u307e\u3044\u306e\u65b9\u3084\u3001\u307e\u3068\u307e\u3063\u305f\u6642\u9593\u304c\u53d6\u308c\u306a\u3044\u65b9\u5411\u3051\u306bWEB\u8aac\u660e\u4f1a\u3092\u958b\u50ac\u3057\u3066\u3044\u307e\u3059\u3002\u958b\u50ac\u65e53\u65e5\u524d\u307e\u3067\u306b\u304a\u7533\u8fbc\u307f\u304c\u5fc5\u8981\u3067\u3059\u3002<\/p>\n","protected":false},"author":2,"featured_media":0,"parent":0,"menu_order":0,"comment_status":"closed","ping_status":"closed","template":"","meta":{"neve_meta_sidebar":"","neve_meta_container":"","neve_meta_enable_content_width":"","neve_meta_content_width":0,"neve_meta_title_alignment":"","neve_meta_author_avatar":"","neve_post_elements_order":"","neve_meta_disable_header":"","neve_meta_disable_footer":"","neve_meta_disable_title":"","_themeisle_gutenberg_block_has_review":false,"footnotes":""},"class_list":["post-3163","page","type-page","status-publish","hentry"],"_links":{"self":[{"href":"https:\/\/www.higashi-totsuka.com\/nurse\/wp-json\/wp\/v2\/pages\/3163","targetHints":{"allow":["GET"]}}],"collection":[{"href":"https:\/\/www.higashi-totsuka.com\/nurse\/wp-json\/wp\/v2\/pages"}],"about":[{"href":"https:\/\/www.higashi-totsuka.com\/nurse\/wp-json\/wp\/v2\/types\/page"}],"author":[{"embeddable":true,"href":"https:\/\/www.higashi-totsuka.com\/nurse\/wp-json\/wp\/v2\/users\/2"}],"replies":[{"embeddable":true,"href":"https:\/\/www.higashi-totsuka.com\/nurse\/wp-json\/wp\/v2\/comments?post=3163"}],"version-history":[{"count":8,"href":"https:\/\/www.higashi-totsuka.com\/nurse\/wp-json\/wp\/v2\/pages\/3163\/revisions"}],"predecessor-version":[{"id":6430,"href":"https:\/\/www.higashi-totsuka.com\/nurse\/wp-json\/wp\/v2\/pages\/3163\/revisions\/6430"}],"wp:attachment":[{"href":"https:\/\/www.higashi-totsuka.com\/nurse\/wp-json\/wp\/v2\/media?parent=3163"}],"curies":[{"name":"wp","href":"https:\/\/api.w.org\/{rel}","templated":true}]}}